{"id":6743,"date":"2024-03-26T23:03:26","date_gmt":"2024-03-26T23:03:26","guid":{"rendered":"https:\/\/www.herdadedabica.com\/produto\/huile-dolive-extra-vierge-frantoio\/"},"modified":"2024-05-29T19:25:21","modified_gmt":"2024-05-29T19:25:21","slug":"huile-dolive-extra-vierge-frantoio","status":"publish","type":"product","link":"https:\/\/www.herdadedabica.com\/fr\/produto\/huile-dolive-extra-vierge-frantoio\/","title":{"rendered":"Huile d&rsquo;Olive Extra Vierge Frantoio"},"content":{"rendered":"\t\t<div data-elementor-type=\"product-post\" data-elementor-id=\"6743\" class=\"elementor elementor-6743\" data-elementor-post-type=\"product\">\n\t\t\t\t\t\t\t\t\t<section class=\"elementor-section elementor-top-section elementor-element elementor-element-e3bcc11 elementor-section-boxed elementor-section-height-default elementor-section-height-default wpr-particle-no wpr-jarallax-no wpr-parallax-no wpr-sticky-section-no\" data-id=\"e3bcc11\" data-element_type=\"section\">\n\t\t\t\t\t\t<div class=\"elementor-container elementor-column-gap-wide\">\n\t\t\t\t\t<div class=\"elementor-column elementor-col-100 elementor-top-column elementor-element elementor-element-fcb3db1\" data-id=\"fcb3db1\" data-element_type=\"column\">\n\t\t\t<div class=\"elementor-widget-wrap elementor-element-populated\">\n\t\t\t\t\t\t\t\t<div class=\"elementor-element elementor-element-74b9b29 elementor-widget elementor-widget-text-editor\" data-id=\"74b9b29\" data-element_type=\"widget\" data-widget_type=\"text-editor.default\">\n\t\t\t\t<div class=\"elementor-widget-container\">\n\t\t\t<style>\/*! elementor - v3.14.0 - 26-06-2023 *\/\n.elementor-widget-text-editor.elementor-drop-cap-view-stacked .elementor-drop-cap{background-color:#69727d;color:#fff}.elementor-widget-text-editor.elementor-drop-cap-view-framed .elementor-drop-cap{color:#69727d;border:3px solid;background-color:transparent}.elementor-widget-text-editor:not(.elementor-drop-cap-view-default) .elementor-drop-cap{margin-top:8px}.elementor-widget-text-editor:not(.elementor-drop-cap-view-default) .elementor-drop-cap-letter{width:1em;height:1em}.elementor-widget-text-editor .elementor-drop-cap{float:left;text-align:center;line-height:1;font-size:50px}.elementor-widget-text-editor .elementor-drop-cap-letter{display:inline-block}<\/style>\t\t\t\t<p>L&rsquo;olive <strong>Frantoio<\/strong> est une vari\u00e9t\u00e9 italienne originaire de Toscane et son huile est l&rsquo;une des plus appr\u00e9ci\u00e9es en Italie.<br \/>Les olives sont g\u00e9n\u00e9ralement r\u00e9colt\u00e9es au d\u00e9but de leur phase de maturation, lorsqu&rsquo;elles changent de couleur. <\/p>\n<p>C&rsquo;est une huile d&rsquo;olive d&rsquo;une qualit\u00e9 exceptionnelle, tr\u00e8s aromatique \u00e9quilibr\u00e9e entre le piquant et l&rsquo;amer, fruit\u00e9e et d&rsquo;une bonne stabilit\u00e9. <br \/>R\u00e9colt\u00e9 plus tard, il est plus doux, plus sucr\u00e9, avec des touches d&rsquo;amande.<\/p>\n<p>La r\u00e9colte est effectu\u00e9e dans notre oliveraie, imm\u00e9diatement suivie de l&rsquo;extraction, qui est r\u00e9alis\u00e9e uniquement par des proc\u00e9d\u00e9s m\u00e9caniques, \u00e0 froid (en dessous de 27\u00baC), afin de pr\u00e9server toutes les propri\u00e9t\u00e9s b\u00e9n\u00e9fiques de l&rsquo;huile.<\/p>\n<p>L&rsquo;huile d&rsquo;olive extra vierge Herdade da Bica est \u00e9labor\u00e9e avec un contr\u00f4le total de la qualit\u00e9 de ses fruits. <\/p>\n<p>Comme nous ne filtrons pas l\u2019huile, la turbidit\u00e9 et certains accents qui peuvent appara\u00eetre au fond de l\u2019emballage sont des ph\u00e9nom\u00e8nes naturels dans l\u2019huile.<\/p>\n\t\t\t\t\t\t<\/div>\n\t\t\t\t<\/div>\n\t\t\t\t<div class=\"elementor-element elementor-element-e036abb elementor-widget elementor-widget-spacer\" data-id=\"e036abb\" data-element_type=\"widget\" data-widget_type=\"spacer.default\">\n\t\t\t\t<div class=\"elementor-widget-container\">\n\t\t\t<style>\/*! elementor - v3.14.0 - 26-06-2023 *\/\n.elementor-column .elementor-spacer-inner{height:var(--spacer-size)}.e-con{--container-widget-width:100%}.e-con-inner>.elementor-widget-spacer,.e-con>.elementor-widget-spacer{width:var(--container-widget-width,var(--spacer-size));--align-self:var(--container-widget-align-self,initial);--flex-shrink:0}.e-con-inner>.elementor-widget-spacer>.elementor-widget-container,.e-con-inner>.elementor-widget-spacer>.elementor-widget-container>.elementor-spacer,.e-con>.elementor-widget-spacer>.elementor-widget-container,.e-con>.elementor-widget-spacer>.elementor-widget-container>.elementor-spacer{height:100%}.e-con-inner>.elementor-widget-spacer>.elementor-widget-container>.elementor-spacer>.elementor-spacer-inner,.e-con>.elementor-widget-spacer>.elementor-widget-container>.elementor-spacer>.elementor-spacer-inner{height:var(--container-widget-height,var(--spacer-size))}<\/style>\t\t<div class=\"elementor-spacer\">\n\t\t\t<div class=\"elementor-spacer-inner\"><\/div>\n\t\t<\/div>\n\t\t\t\t<\/div>\n\t\t\t\t<\/div>\n\t\t\t\t<div class=\"elementor-element elementor-element-3c529cf elementor-widget elementor-widget-spacer\" data-id=\"3c529cf\" data-element_type=\"widget\" data-widget_type=\"spacer.default\">\n\t\t\t\t<div class=\"elementor-widget-container\">\n\t\t\t\t\t<div class=\"elementor-spacer\">\n\t\t\t<div class=\"elementor-spacer-inner\"><\/div>\n\t\t<\/div>\n\t\t\t\t<\/div>\n\t\t\t\t<\/div>\n\t\t\t\t<div class=\"elementor-element elementor-element-db199e9 elementor-widget elementor-widget-heading\" data-id=\"db199e9\" data-element_type=\"widget\" data-widget_type=\"heading.default\">\n\t\t\t\t<div class=\"elementor-widget-container\">\n\t\t\t<style>\/*! elementor - v3.14.0 - 26-06-2023 *\/\n.elementor-heading-title{padding:0;margin:0;line-height:1}.elementor-widget-heading .elementor-heading-title[class*=elementor-size-]>a{color:inherit;font-size:inherit;line-height:inherit}.elementor-widget-heading .elementor-heading-title.elementor-size-small{font-size:15px}.elementor-widget-heading .elementor-heading-title.elementor-size-medium{font-size:19px}.elementor-widget-heading .elementor-heading-title.elementor-size-large{font-size:29px}.elementor-widget-heading .elementor-heading-title.elementor-size-xl{font-size:39px}.elementor-widget-heading .elementor-heading-title.elementor-size-xxl{font-size:59px}<\/style><h5 class=\"elementor-heading-title elementor-size-default\">D\u00e9claration nutritionnelle pour 100 ml<\/h5>\t\t<\/div>\n\t\t\t\t<\/div>\n\t\t\t\t<div class=\"elementor-element elementor-element-4b4e92e elementor-widget elementor-widget-spacer\" data-id=\"4b4e92e\" data-element_type=\"widget\" data-widget_type=\"spacer.default\">\n\t\t\t\t<div class=\"elementor-widget-container\">\n\t\t\t\t\t<div class=\"elementor-spacer\">\n\t\t\t<div class=\"elementor-spacer-inner\"><\/div>\n\t\t<\/div>\n\t\t\t\t<\/div>\n\t\t\t\t<\/div>\n\t\t\t\t<div class=\"elementor-element elementor-element-79b1f8c elementor-widget elementor-widget-text-editor\" data-id=\"79b1f8c\" data-element_type=\"widget\" data-widget_type=\"text-editor.default\">\n\t\t\t\t<div class=\"elementor-widget-container\">\n\t\t\t\t\t\t\t<ul>\n<li>\n<p><strong>\u00c9nergie:<\/strong> 3379 KJ \/ 821 Kcal<\/p>\n<\/li>\n<li>\n<p><strong>Lipides:<\/strong> 91,2 g<br \/> <strong> Satur\u00e9:<\/strong> 13,1 g<\/p>\n<\/li>\n<li>\n<p><strong>Hydrates de carbone:<\/strong> 0 g<br \/> <strong> Sucres: <\/strong>0 g<\/p>\n<\/li>\n<li>\n<p><strong>Prot\u00e9ines:<\/strong> 0 g<\/p>\n<\/li>\n<li>\n<p><strong>Sel:<\/strong> 0 g<\/p>\n<\/li>\n<li>\n<p><strong>Acidit\u00e9 maximale:<\/strong> 0,3%<\/p>\n<\/li>\n<\/ul>\n\t\t\t\t\t\t<\/div>\n\t\t\t\t<\/div>\n\t\t\t\t<div class=\"elementor-element elementor-element-1d5b0fb elementor-widget elementor-widget-spacer\" data-id=\"1d5b0fb\" data-element_type=\"widget\" data-widget_type=\"spacer.default\">\n\t\t\t\t<div class=\"elementor-widget-container\">\n\t\t\t\t\t<div class=\"elementor-spacer\">\n\t\t\t<div class=\"elementor-spacer-inner\"><\/div>\n\t\t<\/div>\n\t\t\t\t<\/div>\n\t\t\t\t<\/div>\n\t\t\t\t<div class=\"elementor-element elementor-element-2874a54 elementor-align-justify elementor-widget elementor-widget-button\" data-id=\"2874a54\" data-element_type=\"widget\" data-widget_type=\"button.default\">\n\t\t\t\t<div class=\"elementor-widget-container\">\n\t\t\t\t\t<div class=\"elementor-button-wrapper\">\n\t\t\t<a class=\"elementor-button elementor-button-link elementor-size-sm\" href=\"\/wp-content\/uploads\/2024\/03\/ficha_tecnica_frantoio.pdf\" target=\"_blank\">\n\t\t\t\t\t\t<span class=\"elementor-button-content-wrapper\">\n\t\t\t\t\t\t<span class=\"elementor-button-text\">Fiche de donn\u00e9es<\/span>\n\t\t<\/span>\n\t\t\t\t\t<\/a>\n\t\t<\/div>\n\t\t\t\t<\/div>\n\t\t\t\t<\/div>\n\t\t\t\t\t<\/div>\n\t\t<\/div>\n\t\t\t\t\t\t\t<\/div>\n\t\t<\/section>\n\t\t\t\t\t\t\t<\/div>\n\t\t","protected":false},"excerpt":{"rendered":"<p>L&rsquo;olive Frantoio est une vari\u00e9t\u00e9 italienne originaire de Toscane et son huile est l&rsquo;une des plus appr\u00e9ci\u00e9es en Italie.Les olives sont g\u00e9n\u00e9ralement r\u00e9colt\u00e9es au d\u00e9but de leur phase de maturation, lorsqu&rsquo;elles changent de couleur. C&rsquo;est une huile d&rsquo;olive d&rsquo;une qualit\u00e9 exceptionnelle, tr\u00e8s aromatique \u00e9quilibr\u00e9e entre le piquant et l&rsquo;amer, fruit\u00e9e et d&rsquo;une bonne stabilit\u00e9. R\u00e9colt\u00e9 plus tard, il est plus doux, plus sucr\u00e9, avec des touches d&rsquo;amande. La r\u00e9colte est effectu\u00e9e dans notre oliveraie, imm\u00e9diatement suivie de l&rsquo;extraction, qui est r\u00e9alis\u00e9e uniquement par des proc\u00e9d\u00e9s m\u00e9caniques, \u00e0 froid (en dessous de 27\u00baC), afin de pr\u00e9server toutes les propri\u00e9t\u00e9s b\u00e9n\u00e9fiques de l&rsquo;huile. L&rsquo;huile d&rsquo;olive extra vierge Herdade da Bica est \u00e9labor\u00e9e avec un contr\u00f4le total de la qualit\u00e9 de ses fruits. Comme nous ne filtrons pas l\u2019huile, la turbidit\u00e9 et certains accents qui peuvent appara\u00eetre au fond de l\u2019emballage sont des ph\u00e9nom\u00e8nes naturels dans l\u2019huile. D\u00e9claration nutritionnelle pour 100 ml \u00c9nergie: 3379 KJ \/ 821 Kcal Lipides: 91,2 g Satur\u00e9: 13,1 g Hydrates de carbone: 0 g Sucres: 0 g Prot\u00e9ines: 0 g Sel: 0 g Acidit\u00e9 maximale: 0,3% Fiche de donn\u00e9es<\/p>\n","protected":false},"featured_media":6728,"template":"","meta":[],"product_cat":[83],"product_tag":[],"yoast_head":"<!-- This site is optimized with the Yoast SEO plugin v22.9 - https:\/\/yoast.com\/wordpress\/plugins\/seo\/ -->\n<title>Huile d&#039;Olive Extra Vierge Frantoio - Herdade da Bica<\/title>\n<meta name=\"robots\" content=\"index, follow, max-snippet:-1, max-image-preview:large, max-video-preview:-1\" \/>\n<link rel=\"canonical\" href=\"https:\/\/www.herdadedabica.com\/fr\/produto\/huile-dolive-extra-vierge-frantoio\/\" \/>\n<meta property=\"og:locale\" content=\"fr_FR\" \/>\n<meta property=\"og:type\" content=\"article\" \/>\n<meta property=\"og:title\" content=\"Huile d&#039;Olive Extra Vierge Frantoio - Herdade da Bica\" \/>\n<meta property=\"og:description\" content=\"L&rsquo;olive Frantoio est une vari\u00e9t\u00e9 italienne originaire de Toscane et son huile est l&rsquo;une des plus appr\u00e9ci\u00e9es en Italie.Les olives sont g\u00e9n\u00e9ralement r\u00e9colt\u00e9es au d\u00e9but de leur phase de maturation, lorsqu&rsquo;elles changent de couleur. C&rsquo;est une huile d&rsquo;olive d&rsquo;une qualit\u00e9 exceptionnelle, tr\u00e8s aromatique \u00e9quilibr\u00e9e entre le piquant et l&rsquo;amer, fruit\u00e9e et d&rsquo;une bonne stabilit\u00e9. R\u00e9colt\u00e9 plus tard, il est plus doux, plus sucr\u00e9, avec des touches d&rsquo;amande. La r\u00e9colte est effectu\u00e9e dans notre oliveraie, imm\u00e9diatement suivie de l&rsquo;extraction, qui est r\u00e9alis\u00e9e uniquement par des proc\u00e9d\u00e9s m\u00e9caniques, \u00e0 froid (en dessous de 27\u00baC), afin de pr\u00e9server toutes les propri\u00e9t\u00e9s b\u00e9n\u00e9fiques de l&rsquo;huile. L&rsquo;huile d&rsquo;olive extra vierge Herdade da Bica est \u00e9labor\u00e9e avec un contr\u00f4le total de la qualit\u00e9 de ses fruits. Comme nous ne filtrons pas l\u2019huile, la turbidit\u00e9 et certains accents qui peuvent appara\u00eetre au fond de l\u2019emballage sont des ph\u00e9nom\u00e8nes naturels dans l\u2019huile. D\u00e9claration nutritionnelle pour 100 ml \u00c9nergie: 3379 KJ \/ 821 Kcal Lipides: 91,2 g Satur\u00e9: 13,1 g Hydrates de carbone: 0 g Sucres: 0 g Prot\u00e9ines: 0 g Sel: 0 g Acidit\u00e9 maximale: 0,3% Fiche de donn\u00e9es\" \/>\n<meta property=\"og:url\" content=\"https:\/\/www.herdadedabica.com\/fr\/produto\/huile-dolive-extra-vierge-frantoio\/\" \/>\n<meta property=\"og:site_name\" content=\"Herdade da Bica\" \/>\n<meta property=\"article:modified_time\" content=\"2024-05-29T19:25:21+00:00\" \/>\n<meta property=\"og:image\" content=\"https:\/\/www.herdadedabica.com\/wp-content\/uploads\/2021\/05\/Cobrancosa_250ML.jpg\" \/>\n\t<meta property=\"og:image:width\" content=\"1500\" \/>\n\t<meta property=\"og:image:height\" content=\"1500\" \/>\n\t<meta property=\"og:image:type\" content=\"image\/jpeg\" \/>\n<meta name=\"twitter:card\" content=\"summary_large_image\" \/>\n<meta name=\"twitter:label1\" content=\"Dur\u00e9e de lecture estim\u00e9e\" \/>\n\t<meta name=\"twitter:data1\" content=\"2 minutes\" \/>\n<script type=\"application\/ld+json\" class=\"yoast-schema-graph\">{\"@context\":\"https:\/\/schema.org\",\"@graph\":[{\"@type\":\"WebPage\",\"@id\":\"https:\/\/www.herdadedabica.com\/fr\/produto\/huile-dolive-extra-vierge-frantoio\/\",\"url\":\"https:\/\/www.herdadedabica.com\/fr\/produto\/huile-dolive-extra-vierge-frantoio\/\",\"name\":\"Huile d'Olive Extra Vierge Frantoio - Herdade da Bica\",\"isPartOf\":{\"@id\":\"https:\/\/www.herdadedabica.com\/fr\/#website\"},\"primaryImageOfPage\":{\"@id\":\"https:\/\/www.herdadedabica.com\/fr\/produto\/huile-dolive-extra-vierge-frantoio\/#primaryimage\"},\"image\":{\"@id\":\"https:\/\/www.herdadedabica.com\/fr\/produto\/huile-dolive-extra-vierge-frantoio\/#primaryimage\"},\"thumbnailUrl\":\"https:\/\/www.herdadedabica.com\/wp-content\/uploads\/2021\/05\/Cobrancosa_250ML.jpg\",\"datePublished\":\"2024-03-26T23:03:26+00:00\",\"dateModified\":\"2024-05-29T19:25:21+00:00\",\"breadcrumb\":{\"@id\":\"https:\/\/www.herdadedabica.com\/fr\/produto\/huile-dolive-extra-vierge-frantoio\/#breadcrumb\"},\"inLanguage\":\"fr-FR\",\"potentialAction\":[{\"@type\":\"ReadAction\",\"target\":[\"https:\/\/www.herdadedabica.com\/fr\/produto\/huile-dolive-extra-vierge-frantoio\/\"]}]},{\"@type\":\"ImageObject\",\"inLanguage\":\"fr-FR\",\"@id\":\"https:\/\/www.herdadedabica.com\/fr\/produto\/huile-dolive-extra-vierge-frantoio\/#primaryimage\",\"url\":\"https:\/\/www.herdadedabica.com\/wp-content\/uploads\/2021\/05\/Cobrancosa_250ML.jpg\",\"contentUrl\":\"https:\/\/www.herdadedabica.com\/wp-content\/uploads\/2021\/05\/Cobrancosa_250ML.jpg\",\"width\":1500,\"height\":1500},{\"@type\":\"BreadcrumbList\",\"@id\":\"https:\/\/www.herdadedabica.com\/fr\/produto\/huile-dolive-extra-vierge-frantoio\/#breadcrumb\",\"itemListElement\":[{\"@type\":\"ListItem\",\"position\":1,\"name\":\"In\u00edcio\",\"item\":\"https:\/\/www.herdadedabica.com\/fr\/\"},{\"@type\":\"ListItem\",\"position\":2,\"name\":\"Loja Online\",\"item\":\"https:\/\/www.herdadedabica.com\/?page_id=874\"},{\"@type\":\"ListItem\",\"position\":3,\"name\":\"Huile d&#8217;Olive Extra Vierge Frantoio\"}]},{\"@type\":\"WebSite\",\"@id\":\"https:\/\/www.herdadedabica.com\/fr\/#website\",\"url\":\"https:\/\/www.herdadedabica.com\/fr\/\",\"name\":\"Herdade da Bica\",\"description\":\"\",\"publisher\":{\"@id\":\"https:\/\/www.herdadedabica.com\/fr\/#organization\"},\"potentialAction\":[{\"@type\":\"SearchAction\",\"target\":{\"@type\":\"EntryPoint\",\"urlTemplate\":\"https:\/\/www.herdadedabica.com\/fr\/?s={search_term_string}\"},\"query-input\":\"required name=search_term_string\"}],\"inLanguage\":\"fr-FR\"},{\"@type\":\"Organization\",\"@id\":\"https:\/\/www.herdadedabica.com\/fr\/#organization\",\"name\":\"Herdade da Bica\",\"url\":\"https:\/\/www.herdadedabica.com\/fr\/\",\"logo\":{\"@type\":\"ImageObject\",\"inLanguage\":\"fr-FR\",\"@id\":\"https:\/\/www.herdadedabica.com\/fr\/#\/schema\/logo\/image\/\",\"url\":\"https:\/\/www.herdadedabica.com\/wp-content\/uploads\/2024\/02\/logo.png\",\"contentUrl\":\"https:\/\/www.herdadedabica.com\/wp-content\/uploads\/2024\/02\/logo.png\",\"width\":170,\"height\":82,\"caption\":\"Herdade da Bica\"},\"image\":{\"@id\":\"https:\/\/www.herdadedabica.com\/fr\/#\/schema\/logo\/image\/\"}}]}<\/script>\n<!-- \/ Yoast SEO plugin. -->","yoast_head_json":{"title":"Huile d'Olive Extra Vierge Frantoio - Herdade da Bica","robots":{"index":"index","follow":"follow","max-snippet":"max-snippet:-1","max-image-preview":"max-image-preview:large","max-video-preview":"max-video-preview:-1"},"canonical":"https:\/\/www.herdadedabica.com\/fr\/produto\/huile-dolive-extra-vierge-frantoio\/","og_locale":"fr_FR","og_type":"article","og_title":"Huile d'Olive Extra Vierge Frantoio - Herdade da Bica","og_description":"L&rsquo;olive Frantoio est une vari\u00e9t\u00e9 italienne originaire de Toscane et son huile est l&rsquo;une des plus appr\u00e9ci\u00e9es en Italie.Les olives sont g\u00e9n\u00e9ralement r\u00e9colt\u00e9es au d\u00e9but de leur phase de maturation, lorsqu&rsquo;elles changent de couleur. C&rsquo;est une huile d&rsquo;olive d&rsquo;une qualit\u00e9 exceptionnelle, tr\u00e8s aromatique \u00e9quilibr\u00e9e entre le piquant et l&rsquo;amer, fruit\u00e9e et d&rsquo;une bonne stabilit\u00e9. R\u00e9colt\u00e9 plus tard, il est plus doux, plus sucr\u00e9, avec des touches d&rsquo;amande. La r\u00e9colte est effectu\u00e9e dans notre oliveraie, imm\u00e9diatement suivie de l&rsquo;extraction, qui est r\u00e9alis\u00e9e uniquement par des proc\u00e9d\u00e9s m\u00e9caniques, \u00e0 froid (en dessous de 27\u00baC), afin de pr\u00e9server toutes les propri\u00e9t\u00e9s b\u00e9n\u00e9fiques de l&rsquo;huile. L&rsquo;huile d&rsquo;olive extra vierge Herdade da Bica est \u00e9labor\u00e9e avec un contr\u00f4le total de la qualit\u00e9 de ses fruits. Comme nous ne filtrons pas l\u2019huile, la turbidit\u00e9 et certains accents qui peuvent appara\u00eetre au fond de l\u2019emballage sont des ph\u00e9nom\u00e8nes naturels dans l\u2019huile. D\u00e9claration nutritionnelle pour 100 ml \u00c9nergie: 3379 KJ \/ 821 Kcal Lipides: 91,2 g Satur\u00e9: 13,1 g Hydrates de carbone: 0 g Sucres: 0 g Prot\u00e9ines: 0 g Sel: 0 g Acidit\u00e9 maximale: 0,3% Fiche de donn\u00e9es","og_url":"https:\/\/www.herdadedabica.com\/fr\/produto\/huile-dolive-extra-vierge-frantoio\/","og_site_name":"Herdade da Bica","article_modified_time":"2024-05-29T19:25:21+00:00","og_image":[{"width":1500,"height":1500,"url":"https:\/\/www.herdadedabica.com\/wp-content\/uploads\/2021\/05\/Cobrancosa_250ML.jpg","type":"image\/jpeg"}],"twitter_card":"summary_large_image","twitter_misc":{"Dur\u00e9e de lecture estim\u00e9e":"2 minutes"},"schema":{"@context":"https:\/\/schema.org","@graph":[{"@type":"WebPage","@id":"https:\/\/www.herdadedabica.com\/fr\/produto\/huile-dolive-extra-vierge-frantoio\/","url":"https:\/\/www.herdadedabica.com\/fr\/produto\/huile-dolive-extra-vierge-frantoio\/","name":"Huile d'Olive Extra Vierge Frantoio - Herdade da Bica","isPartOf":{"@id":"https:\/\/www.herdadedabica.com\/fr\/#website"},"primaryImageOfPage":{"@id":"https:\/\/www.herdadedabica.com\/fr\/produto\/huile-dolive-extra-vierge-frantoio\/#primaryimage"},"image":{"@id":"https:\/\/www.herdadedabica.com\/fr\/produto\/huile-dolive-extra-vierge-frantoio\/#primaryimage"},"thumbnailUrl":"https:\/\/www.herdadedabica.com\/wp-content\/uploads\/2021\/05\/Cobrancosa_250ML.jpg","datePublished":"2024-03-26T23:03:26+00:00","dateModified":"2024-05-29T19:25:21+00:00","breadcrumb":{"@id":"https:\/\/www.herdadedabica.com\/fr\/produto\/huile-dolive-extra-vierge-frantoio\/#breadcrumb"},"inLanguage":"fr-FR","potentialAction":[{"@type":"ReadAction","target":["https:\/\/www.herdadedabica.com\/fr\/produto\/huile-dolive-extra-vierge-frantoio\/"]}]},{"@type":"ImageObject","inLanguage":"fr-FR","@id":"https:\/\/www.herdadedabica.com\/fr\/produto\/huile-dolive-extra-vierge-frantoio\/#primaryimage","url":"https:\/\/www.herdadedabica.com\/wp-content\/uploads\/2021\/05\/Cobrancosa_250ML.jpg","contentUrl":"https:\/\/www.herdadedabica.com\/wp-content\/uploads\/2021\/05\/Cobrancosa_250ML.jpg","width":1500,"height":1500},{"@type":"BreadcrumbList","@id":"https:\/\/www.herdadedabica.com\/fr\/produto\/huile-dolive-extra-vierge-frantoio\/#breadcrumb","itemListElement":[{"@type":"ListItem","position":1,"name":"In\u00edcio","item":"https:\/\/www.herdadedabica.com\/fr\/"},{"@type":"ListItem","position":2,"name":"Loja Online","item":"https:\/\/www.herdadedabica.com\/?page_id=874"},{"@type":"ListItem","position":3,"name":"Huile d&#8217;Olive Extra Vierge Frantoio"}]},{"@type":"WebSite","@id":"https:\/\/www.herdadedabica.com\/fr\/#website","url":"https:\/\/www.herdadedabica.com\/fr\/","name":"Herdade da Bica","description":"","publisher":{"@id":"https:\/\/www.herdadedabica.com\/fr\/#organization"},"potentialAction":[{"@type":"SearchAction","target":{"@type":"EntryPoint","urlTemplate":"https:\/\/www.herdadedabica.com\/fr\/?s={search_term_string}"},"query-input":"required name=search_term_string"}],"inLanguage":"fr-FR"},{"@type":"Organization","@id":"https:\/\/www.herdadedabica.com\/fr\/#organization","name":"Herdade da Bica","url":"https:\/\/www.herdadedabica.com\/fr\/","logo":{"@type":"ImageObject","inLanguage":"fr-FR","@id":"https:\/\/www.herdadedabica.com\/fr\/#\/schema\/logo\/image\/","url":"https:\/\/www.herdadedabica.com\/wp-content\/uploads\/2024\/02\/logo.png","contentUrl":"https:\/\/www.herdadedabica.com\/wp-content\/uploads\/2024\/02\/logo.png","width":170,"height":82,"caption":"Herdade da Bica"},"image":{"@id":"https:\/\/www.herdadedabica.com\/fr\/#\/schema\/logo\/image\/"}}]}},"_links":{"self":[{"href":"https:\/\/www.herdadedabica.com\/fr\/wp-json\/wp\/v2\/product\/6743"}],"collection":[{"href":"https:\/\/www.herdadedabica.com\/fr\/wp-json\/wp\/v2\/product"}],"about":[{"href":"https:\/\/www.herdadedabica.com\/fr\/wp-json\/wp\/v2\/types\/product"}],"version-history":[{"count":0,"href":"https:\/\/www.herdadedabica.com\/fr\/wp-json\/wp\/v2\/product\/6743\/revisions"}],"wp:featuredmedia":[{"embeddable":true,"href":"https:\/\/www.herdadedabica.com\/fr\/wp-json\/wp\/v2\/media\/6728"}],"wp:attachment":[{"href":"https:\/\/www.herdadedabica.com\/fr\/wp-json\/wp\/v2\/media?parent=6743"}],"wp:term":[{"taxonomy":"product_cat","embeddable":true,"href":"https:\/\/www.herdadedabica.com\/fr\/wp-json\/wp\/v2\/product_cat?post=6743"},{"taxonomy":"product_tag","embeddable":true,"href":"https:\/\/www.herdadedabica.com\/fr\/wp-json\/wp\/v2\/product_tag?post=6743"}],"curies":[{"name":"wp","href":"https:\/\/api.w.org\/{rel}","templated":true}]}}