{"id":6471,"date":"2024-03-08T15:29:42","date_gmt":"2024-03-08T15:29:42","guid":{"rendered":"https:\/\/www.herdadedabica.com\/curiosites\/"},"modified":"2024-05-01T14:58:03","modified_gmt":"2024-05-01T14:58:03","slug":"curiosites","status":"publish","type":"page","link":"https:\/\/www.herdadedabica.com\/fr\/curiosites\/","title":{"rendered":"Curiosit\u00e9s"},"content":{"rendered":"\t\t<div data-elementor-type=\"wp-page\" data-elementor-id=\"6471\" class=\"elementor elementor-6471\" data-elementor-post-type=\"page\">\n\t\t\t\t\t\t\t\t\t<section class=\"elementor-section elementor-top-section elementor-element elementor-element-1564bf8 elementor-section-boxed elementor-section-height-default elementor-section-height-default wpr-particle-no wpr-jarallax-no wpr-parallax-no wpr-sticky-section-no\" data-id=\"1564bf8\" data-element_type=\"section\">\n\t\t\t\t\t\t<div class=\"elementor-container elementor-column-gap-default\">\n\t\t\t\t\t<div class=\"elementor-column elementor-col-16 elementor-top-column elementor-element elementor-element-fbb523f\" data-id=\"fbb523f\" data-element_type=\"column\">\n\t\t\t<div class=\"elementor-widget-wrap\">\n\t\t\t\t\t\t\t\t\t<\/div>\n\t\t<\/div>\n\t\t\t\t<div class=\"elementor-column elementor-col-66 elementor-top-column elementor-element elementor-element-4e7ebf4\" data-id=\"4e7ebf4\" data-element_type=\"column\">\n\t\t\t<div class=\"elementor-widget-wrap elementor-element-populated\">\n\t\t\t\t\t\t\t\t<div class=\"elementor-element elementor-element-64a65e2 elementor-widget elementor-widget-heading\" data-id=\"64a65e2\" data-element_type=\"widget\" data-widget_type=\"heading.default\">\n\t\t\t\t<div class=\"elementor-widget-container\">\n\t\t\t<style>\/*! elementor - v3.14.0 - 26-06-2023 *\/\n.elementor-heading-title{padding:0;margin:0;line-height:1}.elementor-widget-heading .elementor-heading-title[class*=elementor-size-]>a{color:inherit;font-size:inherit;line-height:inherit}.elementor-widget-heading .elementor-heading-title.elementor-size-small{font-size:15px}.elementor-widget-heading .elementor-heading-title.elementor-size-medium{font-size:19px}.elementor-widget-heading .elementor-heading-title.elementor-size-large{font-size:29px}.elementor-widget-heading .elementor-heading-title.elementor-size-xl{font-size:39px}.elementor-widget-heading .elementor-heading-title.elementor-size-xxl{font-size:59px}<\/style><h2 class=\"elementor-heading-title elementor-size-default\">Le savez-vous ?<\/h2>\t\t<\/div>\n\t\t\t\t<\/div>\n\t\t\t\t<div class=\"elementor-element elementor-element-75b45a6 elementor-widget elementor-widget-spacer\" data-id=\"75b45a6\" data-element_type=\"widget\" data-widget_type=\"spacer.default\">\n\t\t\t\t<div class=\"elementor-widget-container\">\n\t\t\t<style>\/*! elementor - v3.14.0 - 26-06-2023 *\/\n.elementor-column .elementor-spacer-inner{height:var(--spacer-size)}.e-con{--container-widget-width:100%}.e-con-inner>.elementor-widget-spacer,.e-con>.elementor-widget-spacer{width:var(--container-widget-width,var(--spacer-size));--align-self:var(--container-widget-align-self,initial);--flex-shrink:0}.e-con-inner>.elementor-widget-spacer>.elementor-widget-container,.e-con-inner>.elementor-widget-spacer>.elementor-widget-container>.elementor-spacer,.e-con>.elementor-widget-spacer>.elementor-widget-container,.e-con>.elementor-widget-spacer>.elementor-widget-container>.elementor-spacer{height:100%}.e-con-inner>.elementor-widget-spacer>.elementor-widget-container>.elementor-spacer>.elementor-spacer-inner,.e-con>.elementor-widget-spacer>.elementor-widget-container>.elementor-spacer>.elementor-spacer-inner{height:var(--container-widget-height,var(--spacer-size))}<\/style>\t\t<div class=\"elementor-spacer\">\n\t\t\t<div class=\"elementor-spacer-inner\"><\/div>\n\t\t<\/div>\n\t\t\t\t<\/div>\n\t\t\t\t<\/div>\n\t\t\t\t<div class=\"elementor-element elementor-element-8f43223 elementor-widget elementor-widget-image\" data-id=\"8f43223\" data-element_type=\"widget\" data-widget_type=\"image.default\">\n\t\t\t\t<div class=\"elementor-widget-container\">\n\t\t\t<style>\/*! elementor - v3.14.0 - 26-06-2023 *\/\n.elementor-widget-image{text-align:center}.elementor-widget-image a{display:inline-block}.elementor-widget-image a img[src$=\".svg\"]{width:48px}.elementor-widget-image img{vertical-align:middle;display:inline-block}<\/style>\t\t\t\t\t\t\t\t\t\t\t\t<img loading=\"lazy\" decoding=\"async\" width=\"365\" height=\"23\" src=\"https:\/\/www.herdadedabica.com\/wp-content\/uploads\/2024\/02\/line1.png\" class=\"attachment-large size-large wp-image-6325\" alt=\"\" srcset=\"https:\/\/www.herdadedabica.com\/wp-content\/uploads\/2024\/02\/line1.png 365w, https:\/\/www.herdadedabica.com\/wp-content\/uploads\/2024\/02\/line1-300x19.png 300w\" sizes=\"(max-width: 365px) 100vw, 365px\" \/>\t\t\t\t\t\t\t\t\t\t\t\t\t\t\t<\/div>\n\t\t\t\t<\/div>\n\t\t\t\t<div class=\"elementor-element elementor-element-c5c46eb elementor-widget elementor-widget-spacer\" data-id=\"c5c46eb\" data-element_type=\"widget\" data-widget_type=\"spacer.default\">\n\t\t\t\t<div class=\"elementor-widget-container\">\n\t\t\t\t\t<div class=\"elementor-spacer\">\n\t\t\t<div class=\"elementor-spacer-inner\"><\/div>\n\t\t<\/div>\n\t\t\t\t<\/div>\n\t\t\t\t<\/div>\n\t\t\t\t<div class=\"elementor-element elementor-element-ad92936 wpr-advanced-accordion-icon-side-box elementor-widget elementor-widget-wpr-advanced-accordion\" data-id=\"ad92936\" data-element_type=\"widget\" data-settings=\"{&quot;active_item&quot;:1}\" data-widget_type=\"wpr-advanced-accordion.default\">\n\t\t\t\t<div class=\"elementor-widget-container\">\n\t\t\t\n            <div class=\"wpr-advanced-accordion\" data-accordion-type=\"accordion\" data-active-index=\"1\" data-accordion-trigger=\"click\" data-interaction-speed=\"0.4\">\n\n\t\t\t\n                \n\t\t\t\t\t<div class=\"wpr-accordion-item-wrap\">\n\t\t\t\t\t\t<button class=\"wpr-acc-button\">\n\t\t\t\t\t\t\t<span class=\"wpr-acc-item-title\">\n\t\t\t\t\t\t\t\t\t\t\t\t\t\t\t\t\t<div class=\"wpr-acc-icon-box\">\n\t\t\t\t\t\t\t\t\t\t\t\t\t\t<span class=\"wpr-title-icon\">\n\t\t\t\t\t<i aria-hidden=\"true\" class=\"fas fa-leaf\"><\/i>\t\t\t\t<\/span>\n\t\t\t\t\t\t\t\t\t\t\t\t<\/div>\n\t\t\t\t\t\t\t\t\n\t\t\t\t\t\t\t\t<span class=\"wpr-acc-title-text\">Exp\u00e9rience de l'huile d'olive<\/span>\n\t\t\t\t\t\t\t<\/span>\n\t\t\t\t\t\t\t\t\t\t\t<span class=\"wpr-toggle-icon wpr-ti-close\"><i aria-hidden=\"true\" class=\"fas fa-plus\"><\/i><\/span>\n\t\t\t\t<span class=\"wpr-toggle-icon wpr-ti-open\"><i aria-hidden=\"true\" class=\"fas fa-minus\"><\/i><\/span>\n\t\t\t\t\t\t\t\t\t<\/button>\n\n\t\t\t\t\t\t<div class=\"wpr-acc-panel\">\n\t\t\t\t\t\t\t\t\t\t\t\t\t\t\t<div class=\"wpr-acc-panel-content\"><p>La saveur et l'ar\u00f4me d'une huile d'olive, c'est-\u00e0-dire son profil gustatif, nous donnent des informations importantes sur la vari\u00e9t\u00e9, son \u00e9tat g\u00e9n\u00e9ral de qualit\u00e9, les pratiques appliqu\u00e9es depuis l'oliveraie jusqu'au moulin, le stockage et, bien s\u00fbr, sur sa teneur en ingr\u00e9dients b\u00e9n\u00e9fiques, comme les polyph\u00e9nols (ou antioxydants), les vitamines, etc.<br>En plus de ce qui pr\u00e9c\u00e8de, nous avons la possibilit\u00e9, gr\u00e2ce \u00e0 des analyses chimiques et organoleptiques, de le classer dans l'une des trois cat\u00e9gories de qualit\u00e9 :<br><br><\/p><p><i class=\"fa fa-check\"><\/i> Huile d'olive vierge extra<\/p><p><i class=\"fa fa-check\"><\/i> Huile d'olive vierge<\/p><p><i class=\"fa fa-check\"><\/i> Lampante<\/p><\/div>\n\t\t\t\t\t\t\t\t\t\t\t\t\t<\/div>\n                    <\/div>\n\n                \n\t\t\t\t\t<div class=\"wpr-accordion-item-wrap\">\n\t\t\t\t\t\t<button class=\"wpr-acc-button\">\n\t\t\t\t\t\t\t<span class=\"wpr-acc-item-title\">\n\t\t\t\t\t\t\t\t\t\t\t\t\t\t\t\t\t<div class=\"wpr-acc-icon-box\">\n\t\t\t\t\t\t\t\t\t\t\t\t\t\t<span class=\"wpr-title-icon\">\n\t\t\t\t\t<i aria-hidden=\"true\" class=\"fas fa-leaf\"><\/i>\t\t\t\t<\/span>\n\t\t\t\t\t\t\t\t\t\t\t\t<\/div>\n\t\t\t\t\t\t\t\t\n\t\t\t\t\t\t\t\t<span class=\"wpr-acc-title-text\">Huile d'olive monovari\u00e9tale<\/span>\n\t\t\t\t\t\t\t<\/span>\n\t\t\t\t\t\t\t\t\t\t\t<span class=\"wpr-toggle-icon wpr-ti-close\"><i aria-hidden=\"true\" class=\"fas fa-plus\"><\/i><\/span>\n\t\t\t\t<span class=\"wpr-toggle-icon wpr-ti-open\"><i aria-hidden=\"true\" class=\"fas fa-minus\"><\/i><\/span>\n\t\t\t\t\t\t\t\t\t<\/button>\n\n\t\t\t\t\t\t<div class=\"wpr-acc-panel\">\n\t\t\t\t\t\t\t\t\t\t\t\t\t\t\t<div class=\"wpr-acc-panel-content\"><p>Les huiles d'olive \u00ab monovari\u00e9tales \u00bb diff\u00e8rent des huiles \u00ab Blend \u00bb car elles sont produites exclusivement avec une vari\u00e9t\u00e9 d'olive sp\u00e9cifique, tandis que les huiles \u00ab Blend \u00bb r\u00e9sultent du m\u00e9lange de deux ou plusieurs vari\u00e9t\u00e9s d'olives, ajout\u00e9es en pourcentages variables.<br>Une caract\u00e9ristique particuli\u00e8re des huiles d'olive \u00ab monovari\u00e9tales \u00bb est leur connotation locale, chaque type est l'expression et le r\u00e9sultat d'un terroir sp\u00e9cifique.<\/p><\/div>\n\t\t\t\t\t\t\t\t\t\t\t\t\t<\/div>\n                    <\/div>\n\n                \n\t\t\t\t\t<div class=\"wpr-accordion-item-wrap\">\n\t\t\t\t\t\t<button class=\"wpr-acc-button\">\n\t\t\t\t\t\t\t<span class=\"wpr-acc-item-title\">\n\t\t\t\t\t\t\t\t\t\t\t\t\t\t\t\t\t<div class=\"wpr-acc-icon-box\">\n\t\t\t\t\t\t\t\t\t\t\t\t\t\t<span class=\"wpr-title-icon\">\n\t\t\t\t\t<i aria-hidden=\"true\" class=\"fas fa-leaf\"><\/i>\t\t\t\t<\/span>\n\t\t\t\t\t\t\t\t\t\t\t\t<\/div>\n\t\t\t\t\t\t\t\t\n\t\t\t\t\t\t\t\t<span class=\"wpr-acc-title-text\">Comment dois-je conserver mon huile d\u2019olive extra vierge ?<\/span>\n\t\t\t\t\t\t\t<\/span>\n\t\t\t\t\t\t\t\t\t\t\t<span class=\"wpr-toggle-icon wpr-ti-close\"><i aria-hidden=\"true\" class=\"fas fa-plus\"><\/i><\/span>\n\t\t\t\t<span class=\"wpr-toggle-icon wpr-ti-open\"><i aria-hidden=\"true\" class=\"fas fa-minus\"><\/i><\/span>\n\t\t\t\t\t\t\t\t\t<\/button>\n\n\t\t\t\t\t\t<div class=\"wpr-acc-panel\">\n\t\t\t\t\t\t\t\t\t\t\t\t\t\t\t<div class=\"wpr-acc-panel-content\"><p>L'huile d'olive extra vierge doit \u00eatre conserv\u00e9e dans un endroit frais et sombre, \u00e0 l'abri de la lumi\u00e8re et de la chaleur. L'huile d'olive doit \u00eatre consomm\u00e9e dans les 18 mois.<\/p><\/div>\n\t\t\t\t\t\t\t\t\t\t\t\t\t<\/div>\n                    <\/div>\n\n                            <\/div>\n        \t\t<\/div>\n\t\t\t\t<\/div>\n\t\t\t\t<div class=\"elementor-element elementor-element-032bb28 elementor-widget elementor-widget-spacer\" data-id=\"032bb28\" data-element_type=\"widget\" data-widget_type=\"spacer.default\">\n\t\t\t\t<div class=\"elementor-widget-container\">\n\t\t\t\t\t<div class=\"elementor-spacer\">\n\t\t\t<div class=\"elementor-spacer-inner\"><\/div>\n\t\t<\/div>\n\t\t\t\t<\/div>\n\t\t\t\t<\/div>\n\t\t\t\t\t<\/div>\n\t\t<\/div>\n\t\t\t\t<div class=\"elementor-column elementor-col-16 elementor-top-column elementor-element elementor-element-732fe0d\" data-id=\"732fe0d\" data-element_type=\"column\">\n\t\t\t<div class=\"elementor-widget-wrap\">\n\t\t\t\t\t\t\t\t\t<\/div>\n\t\t<\/div>\n\t\t\t\t\t\t\t<\/div>\n\t\t<\/section>\n\t\t\t\t\t\t\t<\/div>\n\t\t","protected":false},"excerpt":{"rendered":"<p>Le savez-vous ? Exp\u00e9rience de l&rsquo;huile d&rsquo;olive La saveur et l&rsquo;ar\u00f4me d&rsquo;une huile d&rsquo;olive, c&rsquo;est-\u00e0-dire son profil gustatif, nous donnent des informations importantes sur la vari\u00e9t\u00e9, son \u00e9tat g\u00e9n\u00e9ral de qualit\u00e9, les pratiques appliqu\u00e9es depuis l&rsquo;oliveraie jusqu&rsquo;au moulin, le stockage et, bien s\u00fbr, sur sa teneur en ingr\u00e9dients b\u00e9n\u00e9fiques, comme les polyph\u00e9nols (ou antioxydants), les vitamines, etc.En plus de ce qui pr\u00e9c\u00e8de, nous avons la possibilit\u00e9, gr\u00e2ce \u00e0 des analyses chimiques et organoleptiques, de le classer dans l&rsquo;une des trois cat\u00e9gories de qualit\u00e9 : Huile d&rsquo;olive vierge extra Huile d&rsquo;olive vierge Lampante Huile d&rsquo;olive monovari\u00e9tale Les huiles d&rsquo;olive \u00ab monovari\u00e9tales \u00bb diff\u00e8rent des huiles \u00ab Blend \u00bb car elles sont produites exclusivement avec une vari\u00e9t\u00e9 d&rsquo;olive sp\u00e9cifique, tandis que les huiles \u00ab Blend \u00bb r\u00e9sultent du m\u00e9lange de deux ou plusieurs vari\u00e9t\u00e9s d&rsquo;olives, ajout\u00e9es en pourcentages variables.Une caract\u00e9ristique particuli\u00e8re des huiles d&rsquo;olive \u00ab monovari\u00e9tales \u00bb est leur connotation locale, chaque type est l&rsquo;expression et le r\u00e9sultat d&rsquo;un terroir sp\u00e9cifique. Comment dois-je conserver mon huile d\u2019olive extra vierge ? L&rsquo;huile d&rsquo;olive extra vierge doit \u00eatre conserv\u00e9e dans un endroit frais et sombre, \u00e0 l&rsquo;abri de la lumi\u00e8re et de la chaleur. L&rsquo;huile d&rsquo;olive doit \u00eatre consomm\u00e9e dans les 18 mois.<\/p>\n","protected":false},"author":1,"featured_media":6252,"parent":0,"menu_order":20,"comment_status":"closed","ping_status":"closed","template":"","meta":{"footnotes":""},"yoast_head":"<!-- This site is optimized with the Yoast SEO plugin v22.9 - https:\/\/yoast.com\/wordpress\/plugins\/seo\/ -->\n<title>Curiosit\u00e9s - Herdade da Bica<\/title>\n<meta name=\"robots\" content=\"index, follow, max-snippet:-1, max-image-preview:large, max-video-preview:-1\" \/>\n<link rel=\"canonical\" href=\"https:\/\/www.herdadedabica.com\/fr\/curiosites\/\" \/>\n<meta property=\"og:locale\" content=\"fr_FR\" \/>\n<meta property=\"og:type\" content=\"article\" \/>\n<meta property=\"og:title\" content=\"Curiosit\u00e9s - Herdade da Bica\" \/>\n<meta property=\"og:description\" content=\"Le savez-vous ? Exp\u00e9rience de l&rsquo;huile d&rsquo;olive La saveur et l&rsquo;ar\u00f4me d&rsquo;une huile d&rsquo;olive, c&rsquo;est-\u00e0-dire son profil gustatif, nous donnent des informations importantes sur la vari\u00e9t\u00e9, son \u00e9tat g\u00e9n\u00e9ral de qualit\u00e9, les pratiques appliqu\u00e9es depuis l&rsquo;oliveraie jusqu&rsquo;au moulin, le stockage et, bien s\u00fbr, sur sa teneur en ingr\u00e9dients b\u00e9n\u00e9fiques, comme les polyph\u00e9nols (ou antioxydants), les vitamines, etc.En plus de ce qui pr\u00e9c\u00e8de, nous avons la possibilit\u00e9, gr\u00e2ce \u00e0 des analyses chimiques et organoleptiques, de le classer dans l&rsquo;une des trois cat\u00e9gories de qualit\u00e9 : Huile d&rsquo;olive vierge extra Huile d&rsquo;olive vierge Lampante Huile d&rsquo;olive monovari\u00e9tale Les huiles d&rsquo;olive \u00ab monovari\u00e9tales \u00bb diff\u00e8rent des huiles \u00ab Blend \u00bb car elles sont produites exclusivement avec une vari\u00e9t\u00e9 d&rsquo;olive sp\u00e9cifique, tandis que les huiles \u00ab Blend \u00bb r\u00e9sultent du m\u00e9lange de deux ou plusieurs vari\u00e9t\u00e9s d&rsquo;olives, ajout\u00e9es en pourcentages variables.Une caract\u00e9ristique particuli\u00e8re des huiles d&rsquo;olive \u00ab monovari\u00e9tales \u00bb est leur connotation locale, chaque type est l&rsquo;expression et le r\u00e9sultat d&rsquo;un terroir sp\u00e9cifique. Comment dois-je conserver mon huile d\u2019olive extra vierge ? L&rsquo;huile d&rsquo;olive extra vierge doit \u00eatre conserv\u00e9e dans un endroit frais et sombre, \u00e0 l&rsquo;abri de la lumi\u00e8re et de la chaleur. L&rsquo;huile d&rsquo;olive doit \u00eatre consomm\u00e9e dans les 18 mois.\" \/>\n<meta property=\"og:url\" content=\"https:\/\/www.herdadedabica.com\/fr\/curiosites\/\" \/>\n<meta property=\"og:site_name\" content=\"Herdade da Bica\" \/>\n<meta property=\"article:modified_time\" content=\"2024-05-01T14:58:03+00:00\" \/>\n<meta property=\"og:image\" content=\"https:\/\/www.herdadedabica.com\/wp-content\/uploads\/2024\/02\/olival_topo.jpg\" \/>\n\t<meta property=\"og:image:width\" content=\"1920\" \/>\n\t<meta property=\"og:image:height\" content=\"300\" \/>\n\t<meta property=\"og:image:type\" content=\"image\/jpeg\" \/>\n<meta name=\"twitter:card\" content=\"summary_large_image\" \/>\n<meta name=\"twitter:label1\" content=\"Dur\u00e9e de lecture estim\u00e9e\" \/>\n\t<meta name=\"twitter:data1\" content=\"1 minute\" \/>\n<script type=\"application\/ld+json\" class=\"yoast-schema-graph\">{\"@context\":\"https:\/\/schema.org\",\"@graph\":[{\"@type\":\"WebPage\",\"@id\":\"https:\/\/www.herdadedabica.com\/fr\/curiosites\/\",\"url\":\"https:\/\/www.herdadedabica.com\/fr\/curiosites\/\",\"name\":\"Curiosit\u00e9s - Herdade da Bica\",\"isPartOf\":{\"@id\":\"https:\/\/www.herdadedabica.com\/fr\/#website\"},\"primaryImageOfPage\":{\"@id\":\"https:\/\/www.herdadedabica.com\/fr\/curiosites\/#primaryimage\"},\"image\":{\"@id\":\"https:\/\/www.herdadedabica.com\/fr\/curiosites\/#primaryimage\"},\"thumbnailUrl\":\"https:\/\/www.herdadedabica.com\/wp-content\/uploads\/2024\/02\/olival_topo.jpg\",\"datePublished\":\"2024-03-08T15:29:42+00:00\",\"dateModified\":\"2024-05-01T14:58:03+00:00\",\"breadcrumb\":{\"@id\":\"https:\/\/www.herdadedabica.com\/fr\/curiosites\/#breadcrumb\"},\"inLanguage\":\"fr-FR\",\"potentialAction\":[{\"@type\":\"ReadAction\",\"target\":[\"https:\/\/www.herdadedabica.com\/fr\/curiosites\/\"]}]},{\"@type\":\"ImageObject\",\"inLanguage\":\"fr-FR\",\"@id\":\"https:\/\/www.herdadedabica.com\/fr\/curiosites\/#primaryimage\",\"url\":\"https:\/\/www.herdadedabica.com\/wp-content\/uploads\/2024\/02\/olival_topo.jpg\",\"contentUrl\":\"https:\/\/www.herdadedabica.com\/wp-content\/uploads\/2024\/02\/olival_topo.jpg\",\"width\":1920,\"height\":300},{\"@type\":\"BreadcrumbList\",\"@id\":\"https:\/\/www.herdadedabica.com\/fr\/curiosites\/#breadcrumb\",\"itemListElement\":[{\"@type\":\"ListItem\",\"position\":1,\"name\":\"In\u00edcio\",\"item\":\"https:\/\/www.herdadedabica.com\/fr\/\"},{\"@type\":\"ListItem\",\"position\":2,\"name\":\"Curiosit\u00e9s\"}]},{\"@type\":\"WebSite\",\"@id\":\"https:\/\/www.herdadedabica.com\/fr\/#website\",\"url\":\"https:\/\/www.herdadedabica.com\/fr\/\",\"name\":\"Herdade da Bica\",\"description\":\"\",\"publisher\":{\"@id\":\"https:\/\/www.herdadedabica.com\/fr\/#organization\"},\"potentialAction\":[{\"@type\":\"SearchAction\",\"target\":{\"@type\":\"EntryPoint\",\"urlTemplate\":\"https:\/\/www.herdadedabica.com\/fr\/?s={search_term_string}\"},\"query-input\":\"required name=search_term_string\"}],\"inLanguage\":\"fr-FR\"},{\"@type\":\"Organization\",\"@id\":\"https:\/\/www.herdadedabica.com\/fr\/#organization\",\"name\":\"Herdade da Bica\",\"url\":\"https:\/\/www.herdadedabica.com\/fr\/\",\"logo\":{\"@type\":\"ImageObject\",\"inLanguage\":\"fr-FR\",\"@id\":\"https:\/\/www.herdadedabica.com\/fr\/#\/schema\/logo\/image\/\",\"url\":\"https:\/\/www.herdadedabica.com\/wp-content\/uploads\/2024\/02\/logo.png\",\"contentUrl\":\"https:\/\/www.herdadedabica.com\/wp-content\/uploads\/2024\/02\/logo.png\",\"width\":170,\"height\":82,\"caption\":\"Herdade da Bica\"},\"image\":{\"@id\":\"https:\/\/www.herdadedabica.com\/fr\/#\/schema\/logo\/image\/\"}}]}<\/script>\n<!-- \/ Yoast SEO plugin. -->","yoast_head_json":{"title":"Curiosit\u00e9s - Herdade da Bica","robots":{"index":"index","follow":"follow","max-snippet":"max-snippet:-1","max-image-preview":"max-image-preview:large","max-video-preview":"max-video-preview:-1"},"canonical":"https:\/\/www.herdadedabica.com\/fr\/curiosites\/","og_locale":"fr_FR","og_type":"article","og_title":"Curiosit\u00e9s - Herdade da Bica","og_description":"Le savez-vous ? Exp\u00e9rience de l&rsquo;huile d&rsquo;olive La saveur et l&rsquo;ar\u00f4me d&rsquo;une huile d&rsquo;olive, c&rsquo;est-\u00e0-dire son profil gustatif, nous donnent des informations importantes sur la vari\u00e9t\u00e9, son \u00e9tat g\u00e9n\u00e9ral de qualit\u00e9, les pratiques appliqu\u00e9es depuis l&rsquo;oliveraie jusqu&rsquo;au moulin, le stockage et, bien s\u00fbr, sur sa teneur en ingr\u00e9dients b\u00e9n\u00e9fiques, comme les polyph\u00e9nols (ou antioxydants), les vitamines, etc.En plus de ce qui pr\u00e9c\u00e8de, nous avons la possibilit\u00e9, gr\u00e2ce \u00e0 des analyses chimiques et organoleptiques, de le classer dans l&rsquo;une des trois cat\u00e9gories de qualit\u00e9 : Huile d&rsquo;olive vierge extra Huile d&rsquo;olive vierge Lampante Huile d&rsquo;olive monovari\u00e9tale Les huiles d&rsquo;olive \u00ab monovari\u00e9tales \u00bb diff\u00e8rent des huiles \u00ab Blend \u00bb car elles sont produites exclusivement avec une vari\u00e9t\u00e9 d&rsquo;olive sp\u00e9cifique, tandis que les huiles \u00ab Blend \u00bb r\u00e9sultent du m\u00e9lange de deux ou plusieurs vari\u00e9t\u00e9s d&rsquo;olives, ajout\u00e9es en pourcentages variables.Une caract\u00e9ristique particuli\u00e8re des huiles d&rsquo;olive \u00ab monovari\u00e9tales \u00bb est leur connotation locale, chaque type est l&rsquo;expression et le r\u00e9sultat d&rsquo;un terroir sp\u00e9cifique. Comment dois-je conserver mon huile d\u2019olive extra vierge ? L&rsquo;huile d&rsquo;olive extra vierge doit \u00eatre conserv\u00e9e dans un endroit frais et sombre, \u00e0 l&rsquo;abri de la lumi\u00e8re et de la chaleur. L&rsquo;huile d&rsquo;olive doit \u00eatre consomm\u00e9e dans les 18 mois.","og_url":"https:\/\/www.herdadedabica.com\/fr\/curiosites\/","og_site_name":"Herdade da Bica","article_modified_time":"2024-05-01T14:58:03+00:00","og_image":[{"width":1920,"height":300,"url":"https:\/\/www.herdadedabica.com\/wp-content\/uploads\/2024\/02\/olival_topo.jpg","type":"image\/jpeg"}],"twitter_card":"summary_large_image","twitter_misc":{"Dur\u00e9e de lecture estim\u00e9e":"1 minute"},"schema":{"@context":"https:\/\/schema.org","@graph":[{"@type":"WebPage","@id":"https:\/\/www.herdadedabica.com\/fr\/curiosites\/","url":"https:\/\/www.herdadedabica.com\/fr\/curiosites\/","name":"Curiosit\u00e9s - Herdade da Bica","isPartOf":{"@id":"https:\/\/www.herdadedabica.com\/fr\/#website"},"primaryImageOfPage":{"@id":"https:\/\/www.herdadedabica.com\/fr\/curiosites\/#primaryimage"},"image":{"@id":"https:\/\/www.herdadedabica.com\/fr\/curiosites\/#primaryimage"},"thumbnailUrl":"https:\/\/www.herdadedabica.com\/wp-content\/uploads\/2024\/02\/olival_topo.jpg","datePublished":"2024-03-08T15:29:42+00:00","dateModified":"2024-05-01T14:58:03+00:00","breadcrumb":{"@id":"https:\/\/www.herdadedabica.com\/fr\/curiosites\/#breadcrumb"},"inLanguage":"fr-FR","potentialAction":[{"@type":"ReadAction","target":["https:\/\/www.herdadedabica.com\/fr\/curiosites\/"]}]},{"@type":"ImageObject","inLanguage":"fr-FR","@id":"https:\/\/www.herdadedabica.com\/fr\/curiosites\/#primaryimage","url":"https:\/\/www.herdadedabica.com\/wp-content\/uploads\/2024\/02\/olival_topo.jpg","contentUrl":"https:\/\/www.herdadedabica.com\/wp-content\/uploads\/2024\/02\/olival_topo.jpg","width":1920,"height":300},{"@type":"BreadcrumbList","@id":"https:\/\/www.herdadedabica.com\/fr\/curiosites\/#breadcrumb","itemListElement":[{"@type":"ListItem","position":1,"name":"In\u00edcio","item":"https:\/\/www.herdadedabica.com\/fr\/"},{"@type":"ListItem","position":2,"name":"Curiosit\u00e9s"}]},{"@type":"WebSite","@id":"https:\/\/www.herdadedabica.com\/fr\/#website","url":"https:\/\/www.herdadedabica.com\/fr\/","name":"Herdade da Bica","description":"","publisher":{"@id":"https:\/\/www.herdadedabica.com\/fr\/#organization"},"potentialAction":[{"@type":"SearchAction","target":{"@type":"EntryPoint","urlTemplate":"https:\/\/www.herdadedabica.com\/fr\/?s={search_term_string}"},"query-input":"required name=search_term_string"}],"inLanguage":"fr-FR"},{"@type":"Organization","@id":"https:\/\/www.herdadedabica.com\/fr\/#organization","name":"Herdade da Bica","url":"https:\/\/www.herdadedabica.com\/fr\/","logo":{"@type":"ImageObject","inLanguage":"fr-FR","@id":"https:\/\/www.herdadedabica.com\/fr\/#\/schema\/logo\/image\/","url":"https:\/\/www.herdadedabica.com\/wp-content\/uploads\/2024\/02\/logo.png","contentUrl":"https:\/\/www.herdadedabica.com\/wp-content\/uploads\/2024\/02\/logo.png","width":170,"height":82,"caption":"Herdade da Bica"},"image":{"@id":"https:\/\/www.herdadedabica.com\/fr\/#\/schema\/logo\/image\/"}}]}},"_links":{"self":[{"href":"https:\/\/www.herdadedabica.com\/fr\/wp-json\/wp\/v2\/pages\/6471"}],"collection":[{"href":"https:\/\/www.herdadedabica.com\/fr\/wp-json\/wp\/v2\/pages"}],"about":[{"href":"https:\/\/www.herdadedabica.com\/fr\/wp-json\/wp\/v2\/types\/page"}],"author":[{"embeddable":true,"href":"https:\/\/www.herdadedabica.com\/fr\/wp-json\/wp\/v2\/users\/1"}],"replies":[{"embeddable":true,"href":"https:\/\/www.herdadedabica.com\/fr\/wp-json\/wp\/v2\/comments?post=6471"}],"version-history":[{"count":0,"href":"https:\/\/www.herdadedabica.com\/fr\/wp-json\/wp\/v2\/pages\/6471\/revisions"}],"wp:featuredmedia":[{"embeddable":true,"href":"https:\/\/www.herdadedabica.com\/fr\/wp-json\/wp\/v2\/media\/6252"}],"wp:attachment":[{"href":"https:\/\/www.herdadedabica.com\/fr\/wp-json\/wp\/v2\/media?parent=6471"}],"curies":[{"name":"wp","href":"https:\/\/api.w.org\/{rel}","templated":true}]}}