{"id":6418,"date":"2024-03-11T15:38:05","date_gmt":"2024-03-11T15:38:05","guid":{"rendered":"https:\/\/www.herdadedabica.com\/vision\/"},"modified":"2024-05-01T13:41:48","modified_gmt":"2024-05-01T13:41:48","slug":"vision","status":"publish","type":"page","link":"https:\/\/www.herdadedabica.com\/fr\/vision\/","title":{"rendered":"Vision"},"content":{"rendered":"\t\t<div data-elementor-type=\"wp-page\" data-elementor-id=\"6418\" class=\"elementor elementor-6418\" data-elementor-post-type=\"page\">\n\t\t\t\t\t\t\t\t\t<section class=\"elementor-section elementor-top-section elementor-element elementor-element-1260e26 elementor-section-height-min-height elementor-section-items-stretch elementor-section-content-middle elementor-reverse-mobile elementor-section-boxed elementor-section-height-default wpr-particle-no wpr-jarallax-no wpr-parallax-no wpr-sticky-section-no\" data-id=\"1260e26\" data-element_type=\"section\">\n\t\t\t\t\t\t<div class=\"elementor-container elementor-column-gap-no\">\n\t\t\t\t\t<div class=\"elementor-column elementor-col-100 elementor-top-column elementor-element elementor-element-38fbb74\" data-id=\"38fbb74\" data-element_type=\"column\">\n\t\t\t<div class=\"elementor-widget-wrap elementor-element-populated\">\n\t\t\t\t\t\t\t\t<section class=\"elementor-section elementor-inner-section elementor-element elementor-element-4d2a3d4 elementor-section-boxed elementor-section-height-default elementor-section-height-default wpr-particle-no wpr-jarallax-no wpr-parallax-no wpr-sticky-section-no\" data-id=\"4d2a3d4\" data-element_type=\"section\">\n\t\t\t\t\t\t<div class=\"elementor-container elementor-column-gap-wide\">\n\t\t\t\t\t<div class=\"elementor-column elementor-col-50 elementor-inner-column elementor-element elementor-element-407980a\" data-id=\"407980a\" data-element_type=\"column\">\n\t\t\t<div class=\"elementor-widget-wrap elementor-element-populated\">\n\t\t\t\t\t\t\t\t<div class=\"elementor-element elementor-element-8c9107a elementor-widget elementor-widget-heading\" data-id=\"8c9107a\" data-element_type=\"widget\" data-widget_type=\"heading.default\">\n\t\t\t\t<div class=\"elementor-widget-container\">\n\t\t\t<style>\/*! elementor - v3.14.0 - 26-06-2023 *\/\n.elementor-heading-title{padding:0;margin:0;line-height:1}.elementor-widget-heading .elementor-heading-title[class*=elementor-size-]>a{color:inherit;font-size:inherit;line-height:inherit}.elementor-widget-heading .elementor-heading-title.elementor-size-small{font-size:15px}.elementor-widget-heading .elementor-heading-title.elementor-size-medium{font-size:19px}.elementor-widget-heading .elementor-heading-title.elementor-size-large{font-size:29px}.elementor-widget-heading .elementor-heading-title.elementor-size-xl{font-size:39px}.elementor-widget-heading .elementor-heading-title.elementor-size-xxl{font-size:59px}<\/style><h3 class=\"elementor-heading-title elementor-size-default\">Qualit\u00e9, Innovation et D\u00e9veloppement Durable<\/h3>\t\t<\/div>\n\t\t\t\t<\/div>\n\t\t\t\t<div class=\"elementor-element elementor-element-a6a4814 elementor-widget elementor-widget-spacer\" data-id=\"a6a4814\" data-element_type=\"widget\" data-widget_type=\"spacer.default\">\n\t\t\t\t<div class=\"elementor-widget-container\">\n\t\t\t<style>\/*! elementor - v3.14.0 - 26-06-2023 *\/\n.elementor-column .elementor-spacer-inner{height:var(--spacer-size)}.e-con{--container-widget-width:100%}.e-con-inner>.elementor-widget-spacer,.e-con>.elementor-widget-spacer{width:var(--container-widget-width,var(--spacer-size));--align-self:var(--container-widget-align-self,initial);--flex-shrink:0}.e-con-inner>.elementor-widget-spacer>.elementor-widget-container,.e-con-inner>.elementor-widget-spacer>.elementor-widget-container>.elementor-spacer,.e-con>.elementor-widget-spacer>.elementor-widget-container,.e-con>.elementor-widget-spacer>.elementor-widget-container>.elementor-spacer{height:100%}.e-con-inner>.elementor-widget-spacer>.elementor-widget-container>.elementor-spacer>.elementor-spacer-inner,.e-con>.elementor-widget-spacer>.elementor-widget-container>.elementor-spacer>.elementor-spacer-inner{height:var(--container-widget-height,var(--spacer-size))}<\/style>\t\t<div class=\"elementor-spacer\">\n\t\t\t<div class=\"elementor-spacer-inner\"><\/div>\n\t\t<\/div>\n\t\t\t\t<\/div>\n\t\t\t\t<\/div>\n\t\t\t\t<div class=\"elementor-element elementor-element-2a9c2b1 elementor-widget elementor-widget-image\" data-id=\"2a9c2b1\" data-element_type=\"widget\" data-widget_type=\"image.default\">\n\t\t\t\t<div class=\"elementor-widget-container\">\n\t\t\t<style>\/*! elementor - v3.14.0 - 26-06-2023 *\/\n.elementor-widget-image{text-align:center}.elementor-widget-image a{display:inline-block}.elementor-widget-image a img[src$=\".svg\"]{width:48px}.elementor-widget-image img{vertical-align:middle;display:inline-block}<\/style>\t\t\t\t\t\t\t\t\t\t\t\t<img loading=\"lazy\" decoding=\"async\" width=\"55\" height=\"22\" src=\"https:\/\/www.herdadedabica.com\/wp-content\/uploads\/2024\/02\/leaf.png\" class=\"attachment-large size-large wp-image-6324\" alt=\"\" \/>\t\t\t\t\t\t\t\t\t\t\t\t\t\t\t<\/div>\n\t\t\t\t<\/div>\n\t\t\t\t\t<\/div>\n\t\t<\/div>\n\t\t\t\t<div class=\"elementor-column elementor-col-50 elementor-inner-column elementor-element elementor-element-08eae4f\" data-id=\"08eae4f\" data-element_type=\"column\">\n\t\t\t<div class=\"elementor-widget-wrap elementor-element-populated\">\n\t\t\t\t\t\t\t\t<div class=\"elementor-element elementor-element-65fccc4 elementor-hidden-desktop elementor-hidden-mobile elementor-widget elementor-widget-heading\" data-id=\"65fccc4\" data-element_type=\"widget\" data-widget_type=\"heading.default\">\n\t\t\t\t<div class=\"elementor-widget-container\">\n\t\t\t<h5 class=\"elementor-heading-title elementor-size-default\">Tous dans la famille<\/h5>\t\t<\/div>\n\t\t\t\t<\/div>\n\t\t\t\t<div class=\"elementor-element elementor-element-3eb8eea elementor-widget elementor-widget-spacer\" data-id=\"3eb8eea\" data-element_type=\"widget\" data-widget_type=\"spacer.default\">\n\t\t\t\t<div class=\"elementor-widget-container\">\n\t\t\t\t\t<div class=\"elementor-spacer\">\n\t\t\t<div class=\"elementor-spacer-inner\"><\/div>\n\t\t<\/div>\n\t\t\t\t<\/div>\n\t\t\t\t<\/div>\n\t\t\t\t<div class=\"elementor-element elementor-element-0f34490 elementor-widget elementor-widget-text-editor\" data-id=\"0f34490\" data-element_type=\"widget\" data-widget_type=\"text-editor.default\">\n\t\t\t\t<div class=\"elementor-widget-container\">\n\t\t\t<style>\/*! elementor - v3.14.0 - 26-06-2023 *\/\n.elementor-widget-text-editor.elementor-drop-cap-view-stacked .elementor-drop-cap{background-color:#69727d;color:#fff}.elementor-widget-text-editor.elementor-drop-cap-view-framed .elementor-drop-cap{color:#69727d;border:3px solid;background-color:transparent}.elementor-widget-text-editor:not(.elementor-drop-cap-view-default) .elementor-drop-cap{margin-top:8px}.elementor-widget-text-editor:not(.elementor-drop-cap-view-default) .elementor-drop-cap-letter{width:1em;height:1em}.elementor-widget-text-editor .elementor-drop-cap{float:left;text-align:center;line-height:1;font-size:50px}.elementor-widget-text-editor .elementor-drop-cap-letter{display:inline-block}<\/style>\t\t\t\t<p>Notre objectif principal est de contribuer \u00e0 l&rsquo;am\u00e9lioration des habitudes alimentaires des gens, gr\u00e2ce \u00e0 la consommation de ce jus sain et durable, permettant ainsi un mode de vie en harmonie et en \u00e9quilibre avec la nature.<\/p>\n<p>Notre vision est centr\u00e9e sur la qualit\u00e9, l&rsquo;innovation et le d\u00e9veloppement durable.<\/p>\n\t\t\t\t\t\t<\/div>\n\t\t\t\t<\/div>\n\t\t\t\t<div class=\"elementor-element elementor-element-eb70552 elementor-widget elementor-widget-spacer\" data-id=\"eb70552\" data-element_type=\"widget\" data-widget_type=\"spacer.default\">\n\t\t\t\t<div class=\"elementor-widget-container\">\n\t\t\t\t\t<div class=\"elementor-spacer\">\n\t\t\t<div class=\"elementor-spacer-inner\"><\/div>\n\t\t<\/div>\n\t\t\t\t<\/div>\n\t\t\t\t<\/div>\n\t\t\t\t<div class=\"elementor-element elementor-element-88bd963 elementor-widget elementor-widget-spacer\" data-id=\"88bd963\" data-element_type=\"widget\" data-widget_type=\"spacer.default\">\n\t\t\t\t<div class=\"elementor-widget-container\">\n\t\t\t\t\t<div class=\"elementor-spacer\">\n\t\t\t<div class=\"elementor-spacer-inner\"><\/div>\n\t\t<\/div>\n\t\t\t\t<\/div>\n\t\t\t\t<\/div>\n\t\t\t\t\t<\/div>\n\t\t<\/div>\n\t\t\t\t\t\t\t<\/div>\n\t\t<\/section>\n\t\t\t\t\t<\/div>\n\t\t<\/div>\n\t\t\t\t\t\t\t<\/div>\n\t\t<\/section>\n\t\t\t\t\t\t\t<\/div>\n\t\t","protected":false},"excerpt":{"rendered":"<p>Qualit\u00e9, Innovation et D\u00e9veloppement Durable Tous dans la famille Notre objectif principal est de contribuer \u00e0 l&rsquo;am\u00e9lioration des habitudes alimentaires des gens, gr\u00e2ce \u00e0 la consommation de ce jus sain et durable, permettant ainsi un mode de vie en harmonie et en \u00e9quilibre avec la nature. Notre vision est centr\u00e9e sur la qualit\u00e9, l&rsquo;innovation et le d\u00e9veloppement durable.<\/p>\n","protected":false},"author":1,"featured_media":6404,"parent":0,"menu_order":0,"comment_status":"closed","ping_status":"closed","template":"","meta":{"footnotes":""},"yoast_head":"<!-- This site is optimized with the Yoast SEO plugin v22.9 - https:\/\/yoast.com\/wordpress\/plugins\/seo\/ -->\n<title>Vision - Herdade da Bica<\/title>\n<meta name=\"robots\" content=\"index, follow, max-snippet:-1, max-image-preview:large, max-video-preview:-1\" \/>\n<link rel=\"canonical\" href=\"https:\/\/www.herdadedabica.com\/fr\/vision\/\" \/>\n<meta property=\"og:locale\" content=\"fr_FR\" \/>\n<meta property=\"og:type\" content=\"article\" \/>\n<meta property=\"og:title\" content=\"Vision - Herdade da Bica\" \/>\n<meta property=\"og:description\" content=\"Qualit\u00e9, Innovation et D\u00e9veloppement Durable Tous dans la famille Notre objectif principal est de contribuer \u00e0 l&rsquo;am\u00e9lioration des habitudes alimentaires des gens, gr\u00e2ce \u00e0 la consommation de ce jus sain et durable, permettant ainsi un mode de vie en harmonie et en \u00e9quilibre avec la nature. Notre vision est centr\u00e9e sur la qualit\u00e9, l&rsquo;innovation et le d\u00e9veloppement durable.\" \/>\n<meta property=\"og:url\" content=\"https:\/\/www.herdadedabica.com\/fr\/vision\/\" \/>\n<meta property=\"og:site_name\" content=\"Herdade da Bica\" \/>\n<meta property=\"article:modified_time\" content=\"2024-05-01T13:41:48+00:00\" \/>\n<meta property=\"og:image\" content=\"https:\/\/www.herdadedabica.com\/wp-content\/uploads\/2024\/02\/page-header-historia-1.jpg\" \/>\n\t<meta property=\"og:image:width\" content=\"1920\" \/>\n\t<meta property=\"og:image:height\" content=\"300\" \/>\n\t<meta property=\"og:image:type\" content=\"image\/jpeg\" \/>\n<meta name=\"twitter:card\" content=\"summary_large_image\" \/>\n<script type=\"application\/ld+json\" class=\"yoast-schema-graph\">{\"@context\":\"https:\/\/schema.org\",\"@graph\":[{\"@type\":\"WebPage\",\"@id\":\"https:\/\/www.herdadedabica.com\/fr\/vision\/\",\"url\":\"https:\/\/www.herdadedabica.com\/fr\/vision\/\",\"name\":\"Vision - Herdade da Bica\",\"isPartOf\":{\"@id\":\"https:\/\/www.herdadedabica.com\/fr\/#website\"},\"primaryImageOfPage\":{\"@id\":\"https:\/\/www.herdadedabica.com\/fr\/vision\/#primaryimage\"},\"image\":{\"@id\":\"https:\/\/www.herdadedabica.com\/fr\/vision\/#primaryimage\"},\"thumbnailUrl\":\"https:\/\/www.herdadedabica.com\/wp-content\/uploads\/2024\/02\/page-header-historia-1.jpg\",\"datePublished\":\"2024-03-11T15:38:05+00:00\",\"dateModified\":\"2024-05-01T13:41:48+00:00\",\"breadcrumb\":{\"@id\":\"https:\/\/www.herdadedabica.com\/fr\/vision\/#breadcrumb\"},\"inLanguage\":\"fr-FR\",\"potentialAction\":[{\"@type\":\"ReadAction\",\"target\":[\"https:\/\/www.herdadedabica.com\/fr\/vision\/\"]}]},{\"@type\":\"ImageObject\",\"inLanguage\":\"fr-FR\",\"@id\":\"https:\/\/www.herdadedabica.com\/fr\/vision\/#primaryimage\",\"url\":\"https:\/\/www.herdadedabica.com\/wp-content\/uploads\/2024\/02\/page-header-historia-1.jpg\",\"contentUrl\":\"https:\/\/www.herdadedabica.com\/wp-content\/uploads\/2024\/02\/page-header-historia-1.jpg\",\"width\":1920,\"height\":300},{\"@type\":\"BreadcrumbList\",\"@id\":\"https:\/\/www.herdadedabica.com\/fr\/vision\/#breadcrumb\",\"itemListElement\":[{\"@type\":\"ListItem\",\"position\":1,\"name\":\"In\u00edcio\",\"item\":\"https:\/\/www.herdadedabica.com\/fr\/\"},{\"@type\":\"ListItem\",\"position\":2,\"name\":\"Vision\"}]},{\"@type\":\"WebSite\",\"@id\":\"https:\/\/www.herdadedabica.com\/fr\/#website\",\"url\":\"https:\/\/www.herdadedabica.com\/fr\/\",\"name\":\"Herdade da Bica\",\"description\":\"\",\"publisher\":{\"@id\":\"https:\/\/www.herdadedabica.com\/fr\/#organization\"},\"potentialAction\":[{\"@type\":\"SearchAction\",\"target\":{\"@type\":\"EntryPoint\",\"urlTemplate\":\"https:\/\/www.herdadedabica.com\/fr\/?s={search_term_string}\"},\"query-input\":\"required name=search_term_string\"}],\"inLanguage\":\"fr-FR\"},{\"@type\":\"Organization\",\"@id\":\"https:\/\/www.herdadedabica.com\/fr\/#organization\",\"name\":\"Herdade da Bica\",\"url\":\"https:\/\/www.herdadedabica.com\/fr\/\",\"logo\":{\"@type\":\"ImageObject\",\"inLanguage\":\"fr-FR\",\"@id\":\"https:\/\/www.herdadedabica.com\/fr\/#\/schema\/logo\/image\/\",\"url\":\"https:\/\/www.herdadedabica.com\/wp-content\/uploads\/2024\/02\/logo.png\",\"contentUrl\":\"https:\/\/www.herdadedabica.com\/wp-content\/uploads\/2024\/02\/logo.png\",\"width\":170,\"height\":82,\"caption\":\"Herdade da Bica\"},\"image\":{\"@id\":\"https:\/\/www.herdadedabica.com\/fr\/#\/schema\/logo\/image\/\"}}]}<\/script>\n<!-- \/ Yoast SEO plugin. -->","yoast_head_json":{"title":"Vision - Herdade da Bica","robots":{"index":"index","follow":"follow","max-snippet":"max-snippet:-1","max-image-preview":"max-image-preview:large","max-video-preview":"max-video-preview:-1"},"canonical":"https:\/\/www.herdadedabica.com\/fr\/vision\/","og_locale":"fr_FR","og_type":"article","og_title":"Vision - Herdade da Bica","og_description":"Qualit\u00e9, Innovation et D\u00e9veloppement Durable Tous dans la famille Notre objectif principal est de contribuer \u00e0 l&rsquo;am\u00e9lioration des habitudes alimentaires des gens, gr\u00e2ce \u00e0 la consommation de ce jus sain et durable, permettant ainsi un mode de vie en harmonie et en \u00e9quilibre avec la nature. Notre vision est centr\u00e9e sur la qualit\u00e9, l&rsquo;innovation et le d\u00e9veloppement durable.","og_url":"https:\/\/www.herdadedabica.com\/fr\/vision\/","og_site_name":"Herdade da Bica","article_modified_time":"2024-05-01T13:41:48+00:00","og_image":[{"width":1920,"height":300,"url":"https:\/\/www.herdadedabica.com\/wp-content\/uploads\/2024\/02\/page-header-historia-1.jpg","type":"image\/jpeg"}],"twitter_card":"summary_large_image","schema":{"@context":"https:\/\/schema.org","@graph":[{"@type":"WebPage","@id":"https:\/\/www.herdadedabica.com\/fr\/vision\/","url":"https:\/\/www.herdadedabica.com\/fr\/vision\/","name":"Vision - Herdade da Bica","isPartOf":{"@id":"https:\/\/www.herdadedabica.com\/fr\/#website"},"primaryImageOfPage":{"@id":"https:\/\/www.herdadedabica.com\/fr\/vision\/#primaryimage"},"image":{"@id":"https:\/\/www.herdadedabica.com\/fr\/vision\/#primaryimage"},"thumbnailUrl":"https:\/\/www.herdadedabica.com\/wp-content\/uploads\/2024\/02\/page-header-historia-1.jpg","datePublished":"2024-03-11T15:38:05+00:00","dateModified":"2024-05-01T13:41:48+00:00","breadcrumb":{"@id":"https:\/\/www.herdadedabica.com\/fr\/vision\/#breadcrumb"},"inLanguage":"fr-FR","potentialAction":[{"@type":"ReadAction","target":["https:\/\/www.herdadedabica.com\/fr\/vision\/"]}]},{"@type":"ImageObject","inLanguage":"fr-FR","@id":"https:\/\/www.herdadedabica.com\/fr\/vision\/#primaryimage","url":"https:\/\/www.herdadedabica.com\/wp-content\/uploads\/2024\/02\/page-header-historia-1.jpg","contentUrl":"https:\/\/www.herdadedabica.com\/wp-content\/uploads\/2024\/02\/page-header-historia-1.jpg","width":1920,"height":300},{"@type":"BreadcrumbList","@id":"https:\/\/www.herdadedabica.com\/fr\/vision\/#breadcrumb","itemListElement":[{"@type":"ListItem","position":1,"name":"In\u00edcio","item":"https:\/\/www.herdadedabica.com\/fr\/"},{"@type":"ListItem","position":2,"name":"Vision"}]},{"@type":"WebSite","@id":"https:\/\/www.herdadedabica.com\/fr\/#website","url":"https:\/\/www.herdadedabica.com\/fr\/","name":"Herdade da Bica","description":"","publisher":{"@id":"https:\/\/www.herdadedabica.com\/fr\/#organization"},"potentialAction":[{"@type":"SearchAction","target":{"@type":"EntryPoint","urlTemplate":"https:\/\/www.herdadedabica.com\/fr\/?s={search_term_string}"},"query-input":"required name=search_term_string"}],"inLanguage":"fr-FR"},{"@type":"Organization","@id":"https:\/\/www.herdadedabica.com\/fr\/#organization","name":"Herdade da Bica","url":"https:\/\/www.herdadedabica.com\/fr\/","logo":{"@type":"ImageObject","inLanguage":"fr-FR","@id":"https:\/\/www.herdadedabica.com\/fr\/#\/schema\/logo\/image\/","url":"https:\/\/www.herdadedabica.com\/wp-content\/uploads\/2024\/02\/logo.png","contentUrl":"https:\/\/www.herdadedabica.com\/wp-content\/uploads\/2024\/02\/logo.png","width":170,"height":82,"caption":"Herdade da Bica"},"image":{"@id":"https:\/\/www.herdadedabica.com\/fr\/#\/schema\/logo\/image\/"}}]}},"_links":{"self":[{"href":"https:\/\/www.herdadedabica.com\/fr\/wp-json\/wp\/v2\/pages\/6418"}],"collection":[{"href":"https:\/\/www.herdadedabica.com\/fr\/wp-json\/wp\/v2\/pages"}],"about":[{"href":"https:\/\/www.herdadedabica.com\/fr\/wp-json\/wp\/v2\/types\/page"}],"author":[{"embeddable":true,"href":"https:\/\/www.herdadedabica.com\/fr\/wp-json\/wp\/v2\/users\/1"}],"replies":[{"embeddable":true,"href":"https:\/\/www.herdadedabica.com\/fr\/wp-json\/wp\/v2\/comments?post=6418"}],"version-history":[{"count":0,"href":"https:\/\/www.herdadedabica.com\/fr\/wp-json\/wp\/v2\/pages\/6418\/revisions"}],"wp:featuredmedia":[{"embeddable":true,"href":"https:\/\/www.herdadedabica.com\/fr\/wp-json\/wp\/v2\/media\/6404"}],"wp:attachment":[{"href":"https:\/\/www.herdadedabica.com\/fr\/wp-json\/wp\/v2\/media?parent=6418"}],"curies":[{"name":"wp","href":"https:\/\/api.w.org\/{rel}","templated":true}]}}